{"id":223,"date":"2023-12-27T00:00:13","date_gmt":"2023-12-26T23:00:13","guid":{"rendered":"https:\/\/aleamipianoduo.com\/?page_id=223"},"modified":"2025-11-11T19:23:04","modified_gmt":"2025-11-11T18:23:04","slug":"aleami-piano-duo-2","status":"publish","type":"page","link":"https:\/\/aleamipianoduo.com\/","title":{"rendered":"Home"},"content":{"rendered":"","protected":false},"excerpt":{"rendered":"","protected":false},"author":1,"featured_media":354,"parent":0,"menu_order":0,"comment_status":"closed","ping_status":"closed","template":"","meta":{"ngg_post_thumbnail":0,"pgc_sgb_lightbox_settings":"","_price":"","_stock":"","_tribe_ticket_header":"","_tribe_default_ticket_provider":"","_tribe_ticket_capacity":"0","_ticket_start_date":"","_ticket_end_date":"","_tribe_ticket_show_description":"","_tribe_ticket_show_not_going":false,"_tribe_ticket_use_global_stock":"","_tribe_ticket_global_stock_level":"","_global_stock_mode":"","_global_stock_cap":"","_tribe_rsvp_for_event":"","_tribe_ticket_going_count":"","_tribe_ticket_not_going_count":"","_tribe_tickets_list":"[]","_tribe_ticket_has_attendee_info_fields":false,"_EventAllDay":false,"_EventTimezone":"","_EventStartDate":"","_EventEndDate":"","_EventStartDateUTC":"","_EventEndDateUTC":"","_EventShowMap":false,"_EventShowMapLink":false,"_EventURL":"","_EventCost":"","_EventCostDescription":"","_EventCurrencySymbol":"","_EventCurrencyCode":"","_EventCurrencyPosition":"","_EventDateTimeSeparator":"","_EventTimeRangeSeparator":"","_EventOrganizerID":[],"_EventVenueID":[],"_OrganizerEmail":"","_OrganizerPhone":"","_OrganizerWebsite":"","_VenueAddress":"","_VenueCity":"","_VenueCountry":"","_VenueProvince":"","_VenueState":"","_VenueZip":"","_VenuePhone":"","_VenueURL":"","_VenueStateProvince":"","_VenueLat":"","_VenueLng":"","_VenueShowMap":false,"_VenueShowMapLink":false,"jetpack_post_was_ever_published":false,"footnotes":"","_tec_slr_enabled":"","_tec_slr_layout":""},"class_list":["post-223","page","type-page","status-publish","has-post-thumbnail","hentry"],"yoast_head":"<!-- This site is optimized with the Yoast SEO plugin v25.1 - https:\/\/yoast.com\/wordpress\/plugins\/seo\/ -->\n<title>ALEAMI Piano Duo - najbardziej wszechstronny polski duet fortepianowy<\/title>\n<meta name=\"description\" content=\"Aleami Piano Duo to duet fortepianowy z Polski, laureaci mi\u0119dzynarodowych konkurs\u00f3w, koncertuj\u0105cy w kraju i za granic\u0105, \u0142\u0105cz\u0105c klasyk\u0119 i jazz\" \/>\n<meta name=\"robots\" content=\"index, follow, max-snippet:-1, max-image-preview:large, max-video-preview:-1\" \/>\n<link rel=\"canonical\" href=\"https:\/\/aleamipianoduo.com\/\" \/>\n<meta property=\"og:locale\" content=\"pl_PL\" \/>\n<meta property=\"og:type\" content=\"article\" \/>\n<meta property=\"og:title\" content=\"ALEAMI Piano Duo - najbardziej wszechstronny polski duet fortepianowy\" \/>\n<meta property=\"og:description\" content=\"Aleami Piano Duo to duet fortepianowy z Polski, laureaci mi\u0119dzynarodowych konkurs\u00f3w, koncertuj\u0105cy w kraju i za granic\u0105, \u0142\u0105cz\u0105c klasyk\u0119 i jazz\" \/>\n<meta property=\"og:url\" content=\"https:\/\/aleamipianoduo.com\/\" \/>\n<meta property=\"og:site_name\" content=\"ALEAMI\" \/>\n<meta property=\"article:publisher\" content=\"https:\/\/www.facebook.com\/aleami.piano.duo\" \/>\n<meta property=\"article:modified_time\" content=\"2025-11-11T18:23:04+00:00\" \/>\n<meta property=\"og:image\" content=\"https:\/\/aleamipianoduo.com\/wp-content\/uploads\/2024\/01\/17_70A9993-scaled.jpg\" \/>\n\t<meta property=\"og:image:width\" content=\"1707\" \/>\n\t<meta property=\"og:image:height\" content=\"2560\" \/>\n\t<meta property=\"og:image:type\" content=\"image\/jpeg\" \/>\n<meta name=\"twitter:card\" content=\"summary_large_image\" \/>\n<meta name=\"twitter:label1\" content=\"Szacowany czas czytania\" \/>\n\t<meta name=\"twitter:data1\" content=\"1 minuta\" \/>\n<script type=\"application\/ld+json\" class=\"yoast-schema-graph\">{\"@context\":\"https:\/\/schema.org\",\"@graph\":[{\"@type\":\"WebPage\",\"@id\":\"https:\/\/aleamipianoduo.com\/\",\"url\":\"https:\/\/aleamipianoduo.com\/\",\"name\":\"ALEAMI Piano Duo - najbardziej wszechstronny polski duet fortepianowy\",\"isPartOf\":{\"@id\":\"https:\/\/aleamipianoduo.com\/#website\"},\"primaryImageOfPage\":{\"@id\":\"https:\/\/aleamipianoduo.com\/#primaryimage\"},\"image\":{\"@id\":\"https:\/\/aleamipianoduo.com\/#primaryimage\"},\"thumbnailUrl\":\"https:\/\/aleamipianoduo.com\/wp-content\/uploads\/2024\/01\/17_70A9993-scaled.jpg\",\"datePublished\":\"2023-12-26T23:00:13+00:00\",\"dateModified\":\"2025-11-11T18:23:04+00:00\",\"description\":\"Aleami Piano Duo to duet fortepianowy z Polski, laureaci mi\u0119dzynarodowych konkurs\u00f3w, koncertuj\u0105cy w kraju i za granic\u0105, \u0142\u0105cz\u0105c klasyk\u0119 i jazz\",\"breadcrumb\":{\"@id\":\"https:\/\/aleamipianoduo.com\/#breadcrumb\"},\"inLanguage\":\"pl-PL\",\"potentialAction\":[{\"@type\":\"ReadAction\",\"target\":[\"https:\/\/aleamipianoduo.com\/\"]}]},{\"@type\":\"ImageObject\",\"inLanguage\":\"pl-PL\",\"@id\":\"https:\/\/aleamipianoduo.com\/#primaryimage\",\"url\":\"https:\/\/aleamipianoduo.com\/wp-content\/uploads\/2024\/01\/17_70A9993-scaled.jpg\",\"contentUrl\":\"https:\/\/aleamipianoduo.com\/wp-content\/uploads\/2024\/01\/17_70A9993-scaled.jpg\",\"width\":1707,\"height\":2560},{\"@type\":\"BreadcrumbList\",\"@id\":\"https:\/\/aleamipianoduo.com\/#breadcrumb\",\"itemListElement\":[{\"@type\":\"ListItem\",\"position\":1,\"name\":\"Strona g\u0142\u00f3wna\",\"item\":\"https:\/\/aleamipianoduo.com\/\"},{\"@type\":\"ListItem\",\"position\":2,\"name\":\"Home\"}]},{\"@type\":\"WebSite\",\"@id\":\"https:\/\/aleamipianoduo.com\/#website\",\"url\":\"https:\/\/aleamipianoduo.com\/\",\"name\":\"ALEAMI Piano Duo\",\"description\":\"Piano Duo\",\"publisher\":{\"@id\":\"https:\/\/aleamipianoduo.com\/#organization\"},\"alternateName\":\"Aleami\",\"potentialAction\":[{\"@type\":\"SearchAction\",\"target\":{\"@type\":\"EntryPoint\",\"urlTemplate\":\"https:\/\/aleamipianoduo.com\/?s={search_term_string}\"},\"query-input\":{\"@type\":\"PropertyValueSpecification\",\"valueRequired\":true,\"valueName\":\"search_term_string\"}}],\"inLanguage\":\"pl-PL\"},{\"@type\":\"Organization\",\"@id\":\"https:\/\/aleamipianoduo.com\/#organization\",\"name\":\"ALEAMI Piano Duo\",\"url\":\"https:\/\/aleamipianoduo.com\/\",\"logo\":{\"@type\":\"ImageObject\",\"inLanguage\":\"pl-PL\",\"@id\":\"https:\/\/aleamipianoduo.com\/#\/schema\/logo\/image\/\",\"url\":\"https:\/\/aleamipianoduo.com\/wp-content\/uploads\/2023\/12\/img_0437-e1680985938674-1.webp\",\"contentUrl\":\"https:\/\/aleamipianoduo.com\/wp-content\/uploads\/2023\/12\/img_0437-e1680985938674-1.webp\",\"width\":500,\"height\":339,\"caption\":\"ALEAMI Piano Duo\"},\"image\":{\"@id\":\"https:\/\/aleamipianoduo.com\/#\/schema\/logo\/image\/\"},\"sameAs\":[\"https:\/\/www.facebook.com\/aleami.piano.duo\",\"https:\/\/www.youtube.com\/@aleamipianoduo\",\"https:\/\/www.instagram.com\/aleamipianoduo\/\"]}]}<\/script>\n<!-- \/ Yoast SEO plugin. -->","yoast_head_json":{"title":"ALEAMI Piano Duo - najbardziej wszechstronny polski duet fortepianowy","description":"Aleami Piano Duo to duet fortepianowy z Polski, laureaci mi\u0119dzynarodowych konkurs\u00f3w, koncertuj\u0105cy w kraju i za granic\u0105, \u0142\u0105cz\u0105c klasyk\u0119 i jazz","robots":{"index":"index","follow":"follow","max-snippet":"max-snippet:-1","max-image-preview":"max-image-preview:large","max-video-preview":"max-video-preview:-1"},"canonical":"https:\/\/aleamipianoduo.com\/","og_locale":"pl_PL","og_type":"article","og_title":"ALEAMI Piano Duo - najbardziej wszechstronny polski duet fortepianowy","og_description":"Aleami Piano Duo to duet fortepianowy z Polski, laureaci mi\u0119dzynarodowych konkurs\u00f3w, koncertuj\u0105cy w kraju i za granic\u0105, \u0142\u0105cz\u0105c klasyk\u0119 i jazz","og_url":"https:\/\/aleamipianoduo.com\/","og_site_name":"ALEAMI","article_publisher":"https:\/\/www.facebook.com\/aleami.piano.duo","article_modified_time":"2025-11-11T18:23:04+00:00","og_image":[{"width":1707,"height":2560,"url":"https:\/\/aleamipianoduo.com\/wp-content\/uploads\/2024\/01\/17_70A9993-scaled.jpg","type":"image\/jpeg"}],"twitter_card":"summary_large_image","twitter_misc":{"Szacowany czas czytania":"1 minuta"},"schema":{"@context":"https:\/\/schema.org","@graph":[{"@type":"WebPage","@id":"https:\/\/aleamipianoduo.com\/","url":"https:\/\/aleamipianoduo.com\/","name":"ALEAMI Piano Duo - najbardziej wszechstronny polski duet fortepianowy","isPartOf":{"@id":"https:\/\/aleamipianoduo.com\/#website"},"primaryImageOfPage":{"@id":"https:\/\/aleamipianoduo.com\/#primaryimage"},"image":{"@id":"https:\/\/aleamipianoduo.com\/#primaryimage"},"thumbnailUrl":"https:\/\/aleamipianoduo.com\/wp-content\/uploads\/2024\/01\/17_70A9993-scaled.jpg","datePublished":"2023-12-26T23:00:13+00:00","dateModified":"2025-11-11T18:23:04+00:00","description":"Aleami Piano Duo to duet fortepianowy z Polski, laureaci mi\u0119dzynarodowych konkurs\u00f3w, koncertuj\u0105cy w kraju i za granic\u0105, \u0142\u0105cz\u0105c klasyk\u0119 i jazz","breadcrumb":{"@id":"https:\/\/aleamipianoduo.com\/#breadcrumb"},"inLanguage":"pl-PL","potentialAction":[{"@type":"ReadAction","target":["https:\/\/aleamipianoduo.com\/"]}]},{"@type":"ImageObject","inLanguage":"pl-PL","@id":"https:\/\/aleamipianoduo.com\/#primaryimage","url":"https:\/\/aleamipianoduo.com\/wp-content\/uploads\/2024\/01\/17_70A9993-scaled.jpg","contentUrl":"https:\/\/aleamipianoduo.com\/wp-content\/uploads\/2024\/01\/17_70A9993-scaled.jpg","width":1707,"height":2560},{"@type":"BreadcrumbList","@id":"https:\/\/aleamipianoduo.com\/#breadcrumb","itemListElement":[{"@type":"ListItem","position":1,"name":"Strona g\u0142\u00f3wna","item":"https:\/\/aleamipianoduo.com\/"},{"@type":"ListItem","position":2,"name":"Home"}]},{"@type":"WebSite","@id":"https:\/\/aleamipianoduo.com\/#website","url":"https:\/\/aleamipianoduo.com\/","name":"ALEAMI Piano Duo","description":"Piano Duo","publisher":{"@id":"https:\/\/aleamipianoduo.com\/#organization"},"alternateName":"Aleami","potentialAction":[{"@type":"SearchAction","target":{"@type":"EntryPoint","urlTemplate":"https:\/\/aleamipianoduo.com\/?s={search_term_string}"},"query-input":{"@type":"PropertyValueSpecification","valueRequired":true,"valueName":"search_term_string"}}],"inLanguage":"pl-PL"},{"@type":"Organization","@id":"https:\/\/aleamipianoduo.com\/#organization","name":"ALEAMI Piano Duo","url":"https:\/\/aleamipianoduo.com\/","logo":{"@type":"ImageObject","inLanguage":"pl-PL","@id":"https:\/\/aleamipianoduo.com\/#\/schema\/logo\/image\/","url":"https:\/\/aleamipianoduo.com\/wp-content\/uploads\/2023\/12\/img_0437-e1680985938674-1.webp","contentUrl":"https:\/\/aleamipianoduo.com\/wp-content\/uploads\/2023\/12\/img_0437-e1680985938674-1.webp","width":500,"height":339,"caption":"ALEAMI Piano Duo"},"image":{"@id":"https:\/\/aleamipianoduo.com\/#\/schema\/logo\/image\/"},"sameAs":["https:\/\/www.facebook.com\/aleami.piano.duo","https:\/\/www.youtube.com\/@aleamipianoduo","https:\/\/www.instagram.com\/aleamipianoduo\/"]}]}},"jetpack_sharing_enabled":true,"ticketed":false,"_links":{"self":[{"href":"https:\/\/aleamipianoduo.com\/index.php?rest_route=\/wp\/v2\/pages\/223","targetHints":{"allow":["GET"]}}],"collection":[{"href":"https:\/\/aleamipianoduo.com\/index.php?rest_route=\/wp\/v2\/pages"}],"about":[{"href":"https:\/\/aleamipianoduo.com\/index.php?rest_route=\/wp\/v2\/types\/page"}],"author":[{"embeddable":true,"href":"https:\/\/aleamipianoduo.com\/index.php?rest_route=\/wp\/v2\/users\/1"}],"replies":[{"embeddable":true,"href":"https:\/\/aleamipianoduo.com\/index.php?rest_route=%2Fwp%2Fv2%2Fcomments&post=223"}],"version-history":[{"count":1,"href":"https:\/\/aleamipianoduo.com\/index.php?rest_route=\/wp\/v2\/pages\/223\/revisions"}],"predecessor-version":[{"id":225,"href":"https:\/\/aleamipianoduo.com\/index.php?rest_route=\/wp\/v2\/pages\/223\/revisions\/225"}],"wp:featuredmedia":[{"embeddable":true,"href":"https:\/\/aleamipianoduo.com\/index.php?rest_route=\/wp\/v2\/media\/354"}],"wp:attachment":[{"href":"https:\/\/aleamipianoduo.com\/index.php?rest_route=%2Fwp%2Fv2%2Fmedia&parent=223"}],"curies":[{"name":"wp","href":"https:\/\/api.w.org\/{rel}","templated":true}]}}